{"id":381,"date":"2016-11-02T19:20:40","date_gmt":"2016-11-02T19:20:40","guid":{"rendered":"http:\/\/www.longwell.es\/?page_id=381"},"modified":"2025-12-09T15:18:45","modified_gmt":"2025-12-09T15:18:45","slug":"wellcare","status":"publish","type":"page","link":"https:\/\/longwellprofessional.com\/en\/wellcare\/","title":{"rendered":"Longwell Well Care"},"content":{"rendered":"<p>[et_pb_section fb_built=\u00bb1&#8243; fullwidth=\u00bbon\u00bb module_class=\u00bbbanner-container\u00bb _builder_version=\u00bb4.16.0&#8243; _module_preset=\u00bbdefault\u00bb collapsed=\u00bboff\u00bb global_colors_info=\u00bb{}\u00bb][et_pb_fullwidth_slider disabled_on=\u00bbon|on|on\u00bb module_class=\u00bbbanner-image\u00bb _builder_version=\u00bb4.16.0&#8243; disabled=\u00bbon\u00bb global_colors_info=\u00bb{}\u00bb][et_pb_slide _builder_version=\u00bb4.16&#8243; background_image=\u00bbhttps:\/\/www.longwell.es\/wp-content\/uploads\/2021\/03\/banner-pantalla-inicio-web-longwell-curl-activator-4.jpg\u00bb background_enable_image=\u00bbon\u00bb global_colors_info=\u00bb{}\u00bb sticky_transition=\u00bbon\u00bb][\/et_pb_slide][et_pb_slide _builder_version=\u00bb4.16&#8243; background_image=\u00bbhttps:\/\/www.longwell.es\/wp-content\/uploads\/2021\/03\/banner-champus-longwell-2.jpg\u00bb background_enable_image=\u00bbon\u00bb global_colors_info=\u00bb{}\u00bb sticky_transition=\u00bbon\u00bb][\/et_pb_slide][\/et_pb_fullwidth_slider][et_pb_fullwidth_image src=\u00bbhttps:\/\/longwellprofessional.com\/wp-content\/uploads\/2022\/03\/Imagenes-Longwell_Pagina-de-inicio_ensanchado-whiter.svg\u00bb title_text=\u00bbIm\u00e1genes Longwell_P\u00e1gina de inicio_ensanchado-whiter\u00bb disabled_on=\u00bbon|on|on\u00bb module_class=\u00bbbanner-wave\u00bb _builder_version=\u00bb4.16.0&#8243; _module_preset=\u00bbdefault\u00bb disabled=\u00bbon\u00bb global_colors_info=\u00bb{}\u00bb][\/et_pb_fullwidth_image][et_pb_fullwidth_image src=\u00bbhttps:\/\/longwellprofessional.com\/wp-content\/uploads\/2022\/06\/Bannrs-Longwell_Cuidado-capilar.-Well-care-1.jpg\u00bb _builder_version=\u00bb4.17.3&#8243; _module_preset=\u00bbdefault\u00bb hover_enabled=\u00bb0&#8243; global_colors_info=\u00bb{}\u00bb sticky_enabled=\u00bb0&#8243; alt=\u00bbwell care longwell banner\u00bb][\/et_pb_fullwidth_image][\/et_pb_section][et_pb_section fb_built=\u00bb1&#8243; module_class=\u00bbtext-container\u00bb _builder_version=\u00bb4.16.0&#8243; _module_preset=\u00bbdefault\u00bb custom_margin=\u00bb6em|0px|6em|0px|true|true\u00bb custom_padding=\u00bb0px|0px|0px|0px|true|true\u00bb collapsed=\u00bboff\u00bb global_colors_info=\u00bb{}\u00bb][et_pb_row make_equal=\u00bbon\u00bb module_class=\u00bbtext-header-row\u00bb _builder_version=\u00bb4.17.1&#8243; _module_preset=\u00bbdefault\u00bb width=\u00bb60%\u00bb width_tablet=\u00bb75%\u00bb width_phone=\u00bb90%\u00bb width_last_edited=\u00bbon|desktop\u00bb max_width=\u00bb2560px\u00bb module_alignment=\u00bbcenter\u00bb custom_margin=\u00bb2em|0px|2em|0px|true|true\u00bb custom_padding=\u00bb0px|0px|0px|0px|true|true\u00bb global_colors_info=\u00bb{}\u00bb][et_pb_column type=\u00bb4_4&#8243; module_class=\u00bbtext-header-col\u00bb _builder_version=\u00bb4.16.0&#8243; _module_preset=\u00bbdefault\u00bb global_colors_info=\u00bb{}\u00bb][et_pb_text module_class=\u00bbtext-header-2&#8243; _builder_version=\u00bb4.17.1&#8243; _module_preset=\u00bbdefault\u00bb header_2_font=\u00bb|700|||||||\u00bb header_2_text_color=\u00bb#101010&#8243; header_2_font_size=\u00bb2.25em\u00bb background_color=\u00bb#D2D2D2&#8243; custom_margin=\u00bb0px|0px|0px|0px|true|true\u00bb custom_padding=\u00bb0.5em|3em|0.5em|3em|true|true\u00bb header_2_font_size_tablet=\u00bb2.25em\u00bb header_2_font_size_phone=\u00bb1.75em\u00bb header_2_font_size_last_edited=\u00bbon|phone\u00bb global_colors_info=\u00bb{}\u00bb]<\/p>\n<h2 style=\"text-align: center;\">HAIR CARE<\/h2>\n<p>[\/et_pb_text][et_pb_text module_class=\u00bbtext-header-2&#8243; _builder_version=\u00bb4.17.1&#8243; _module_preset=\u00bbdefault\u00bb header_2_font=\u00bb|700|||||||\u00bb header_2_text_color=\u00bb#F1F1F1&#8243; header_2_font_size=\u00bb2.25em\u00bb background_color=\u00bb#101010&#8243; custom_margin=\u00bb0px|0px|0px|0px|true|true\u00bb custom_padding=\u00bb0.5em|3em|0.5em|3em|true|true\u00bb header_2_font_size_tablet=\u00bb2.25em\u00bb header_2_font_size_phone=\u00bb1.75em\u00bb header_2_font_size_last_edited=\u00bbon|phone\u00bb global_colors_info=\u00bb{}\u00bb]<\/p>\n<h2 style=\"text-align: center;\">WELLCARE<\/h2>\n<p>[\/et_pb_text][\/et_pb_column][\/et_pb_row][et_pb_row custom_padding_last_edited=\u00bboff|phone\u00bb module_class=\u00bbtext-body\u00bb _builder_version=\u00bb4.17.1&#8243; _module_preset=\u00bbdefault\u00bb width=\u00bb40%\u00bb width_tablet=\u00bb70%\u00bb width_phone=\u00bb90%\u00bb width_last_edited=\u00bbon|phone\u00bb max_width=\u00bb2560px\u00bb module_alignment=\u00bbcenter\u00bb custom_margin=\u00bb4em|0px|4em|0px|true|true\u00bb custom_padding=\u00bb0em|2em|0em|2em|true|true\u00bb custom_padding_phone=\u00bb|2em||2em|true|true\u00bb global_colors_info=\u00bb{}\u00bb][et_pb_column type=\u00bb4_4&#8243; _builder_version=\u00bb4.16.0&#8243; _module_preset=\u00bbdefault\u00bb global_colors_info=\u00bb{}\u00bb][et_pb_text admin_label=\u00bbTexto\u00bb _builder_version=\u00bb4.16.0&#8243; header_2_text_color=\u00bb#101010&#8243; background_size=\u00bbinitial\u00bb background_position=\u00bbtop_left\u00bb background_repeat=\u00bbrepeat\u00bb use_border_color=\u00bboff\u00bb border_color=\u00bb#ffffff\u00bb border_style=\u00bbsolid\u00bb global_colors_info=\u00bb{}\u00bb]<\/p>\n<h2 style=\"text-align: center;\">Well care: state-of-the-art cosmetic technology for healthy and beautiful hair<\/h2>\n<p>Longwell\u00ae Well care is an advanced line of hair cosmetic products, based on new technologies and the knowledge provided by the most recent research on the way in which certain organic and mineral principles care for, strengthen and beautify your hair. Beyond a clean appearance and an aesthetic effect, Well care has also been conceived as a line of treatments that, used regularly, provide health to your hair and scalp.<\/p>\n<p>Each of the products that make up the Well care line has been formulated to adapt to each type of hair and each type of skin, providing them with a beautiful and healthy appearance.<\/p>\n<p>[\/et_pb_text][\/et_pb_column][\/et_pb_row][et_pb_row column_structure=\u00bb1_2,1_2&#8243; make_equal=\u00bbon\u00bb module_class=\u00bbimage-cta-header-row\u00bb _builder_version=\u00bb4.17.3&#8243; _module_preset=\u00bbdefault\u00bb max_width=\u00bb2560px\u00bb module_alignment=\u00bbcenter\u00bb custom_margin=\u00bb2em|0px|2em|0px|true|true\u00bb custom_padding=\u00bb0em|0px|0em|0px|true|true\u00bb global_colors_info=\u00bb{}\u00bb][et_pb_column type=\u00bb1_2&#8243; module_class=\u00bbimage-cta-header-col\u00bb _builder_version=\u00bb4.17.3&#8243; _module_preset=\u00bbdefault\u00bb custom_padding=\u00bb2em|2em|2em|2em|true|true\u00bb link_option_url=\u00bb\/wellcare\/champus\/\u00bb global_colors_info=\u00bb{}\u00bb][et_pb_button button_url=\u00bb\/wellcare\/champus\/\u00bb button_text=\u00bbCHAMP\u00daS\u00bb button_alignment=\u00bbcenter\u00bb module_class=\u00bbimage-cta-btn\u00bb _builder_version=\u00bb4.17.3&#8243; _module_preset=\u00bbdefault\u00bb custom_button=\u00bbon\u00bb button_text_size=\u00bb14px\u00bb button_text_color=\u00bb#F1F1F1&#8243; button_bg_color=\u00bb#101010&#8243; button_border_width=\u00bb0px\u00bb button_border_color=\u00bbRGBA(255,255,255,0)\u00bb button_border_radius=\u00bb100px\u00bb button_font=\u00bb|600|||||||\u00bb button_use_icon=\u00bboff\u00bb custom_margin=\u00bb0px|0px|3em|0px|false|true\u00bb custom_padding=\u00bb0.25em|1.4em|0.25em|1.4em|true|true\u00bb global_colors_info=\u00bb{}\u00bb][\/et_pb_button][et_pb_image src=\u00bbhttps:\/\/longwellprofessional.com\/wp-content\/uploads\/2016\/11\/Bodegon-Champus-WellCare.jpg\u00bb title_text=\u00bbChamp\u00fas WELL CARE\u00bb module_class=\u00bbimage-cta-img\u00bb _builder_version=\u00bb4.17.3&#8243; _module_preset=\u00bbdefault\u00bb max_width=\u00bb50%\u00bb max_width_tablet=\u00bb50%\u00bb max_width_phone=\u00bb50%\u00bb max_width_last_edited=\u00bbon|tablet\u00bb module_alignment=\u00bbcenter\u00bb hover_enabled=\u00bb0&#8243; global_colors_info=\u00bb{}\u00bb alt=\u00bbwell care longwell\u00bb sticky_enabled=\u00bb0&#8243;][\/et_pb_image][\/et_pb_column][et_pb_column type=\u00bb1_2&#8243; module_class=\u00bbimage-cta-header-col\u00bb _builder_version=\u00bb4.17.3&#8243; _module_preset=\u00bbdefault\u00bb custom_padding=\u00bb2em|2em|2em|2em|true|true\u00bb link_option_url=\u00bb\/wellcare\/tratamientos\/\u00bb global_colors_info=\u00bb{}\u00bb][et_pb_button button_url=\u00bb\/wellcare\/tratamientos\/\u00bb button_text=\u00bbTRATAMIENTOS CAPILARES\u00bb button_alignment=\u00bbcenter\u00bb module_class=\u00bbimage-cta-btn\u00bb _builder_version=\u00bb4.17.3&#8243; _module_preset=\u00bbdefault\u00bb custom_button=\u00bbon\u00bb button_text_size=\u00bb14px\u00bb button_text_color=\u00bb#F1F1F1&#8243; button_bg_color=\u00bb#101010&#8243; button_border_width=\u00bb0px\u00bb button_border_color=\u00bbRGBA(255,255,255,0)\u00bb button_border_radius=\u00bb100px\u00bb button_font=\u00bb|600|||||||\u00bb button_use_icon=\u00bboff\u00bb custom_margin=\u00bb0px|0px|3em|0px|false|true\u00bb custom_padding=\u00bb0.25em|1.4em|0.25em|1.4em|true|true\u00bb global_colors_info=\u00bb{}\u00bb][\/et_pb_button][et_pb_image src=\u00bbhttps:\/\/longwellprofessional.com\/wp-content\/uploads\/2016\/11\/Expositor-Wellcare-20160922-1722-5896-_.jpg\u00bb title_text=\u00bbTratamientos capilares WELL CARE\u00bb module_class=\u00bbimage-cta-img\u00bb _builder_version=\u00bb4.17.3&#8243; _module_preset=\u00bbdefault\u00bb max_width=\u00bb50%\u00bb max_width_tablet=\u00bb50%\u00bb max_width_phone=\u00bb50%\u00bb max_width_last_edited=\u00bbon|desktop\u00bb module_alignment=\u00bbcenter\u00bb hover_enabled=\u00bb0&#8243; global_colors_info=\u00bb{}\u00bb alt=\u00bbwell care longwell\u00bb sticky_enabled=\u00bb0&#8243;][\/et_pb_image][\/et_pb_column][\/et_pb_row][\/et_pb_section]<\/p>","protected":false},"excerpt":{"rendered":"<p>CUIDADO CAPILARWELLCAREWell care: tecnolog\u00eda cosm\u00e9tica de vanguardia para un cabello sano y bonito Longwell\u00ae Well care es una avanzada l\u00ednea de productos cosm\u00e9ticos capilares, basados en nuevas tecnolog\u00edas y en el conocimiento que aportan las investigaciones m\u00e1s recientes sobre el modo en que determinados principios org\u00e1nicos y minerales cuidan, fortalecen y embellecen tu pelo. M\u00e1s [&hellip;]<\/p>","protected":false},"author":9192195,"featured_media":0,"parent":0,"menu_order":0,"comment_status":"closed","ping_status":"closed","template":"","meta":{"_et_pb_use_builder":"on","_et_pb_old_content":"<p>Well care: tecnolog\u00eda cosm\u00e9tica de vanguardia para un cabello sano y bonito<\/p><p>Longwell\u00ae Well care es una avanzada l\u00ednea de productos cosm\u00e9ticos capilares, basados en nuevas tecnolog\u00edas y en el conocimiento que aportan las investigaciones m\u00e1s recientes sobre el modo en que determinados principios org\u00e1nicos y minerales cuidan, fortalecen y embellecen tu pelo. M\u00e1s all\u00e1 de un aspecto limpio y un efecto est\u00e9tico, Well care ha sido concebida tambi\u00e9n como una l\u00ednea de tratamientos que, usados regularmente, proporcionan salud a tu pelo y cuero cabelludo.<\/p><p>Cada uno de los productos que componen la l\u00ednea Well care ha sido formulado para adaptarse a cada tipo de cabello y a cada tipo de piel, proporcion\u00e1ndoles un aspecto bonito y saludable.<\/p>","_et_gb_content_width":"","inline_featured_image":false,"footnotes":""},"class_list":["post-381","page","type-page","status-publish","hentry"],"_links":{"self":[{"href":"https:\/\/longwellprofessional.com\/en\/wp-json\/wp\/v2\/pages\/381","targetHints":{"allow":["GET"]}}],"collection":[{"href":"https:\/\/longwellprofessional.com\/en\/wp-json\/wp\/v2\/pages"}],"about":[{"href":"https:\/\/longwellprofessional.com\/en\/wp-json\/wp\/v2\/types\/page"}],"author":[{"embeddable":true,"href":"https:\/\/longwellprofessional.com\/en\/wp-json\/wp\/v2\/users\/9192195"}],"replies":[{"embeddable":true,"href":"https:\/\/longwellprofessional.com\/en\/wp-json\/wp\/v2\/comments?post=381"}],"version-history":[{"count":28,"href":"https:\/\/longwellprofessional.com\/en\/wp-json\/wp\/v2\/pages\/381\/revisions"}],"predecessor-version":[{"id":8132,"href":"https:\/\/longwellprofessional.com\/en\/wp-json\/wp\/v2\/pages\/381\/revisions\/8132"}],"wp:attachment":[{"href":"https:\/\/longwellprofessional.com\/en\/wp-json\/wp\/v2\/media?parent=381"}],"curies":[{"name":"wp","href":"https:\/\/api.w.org\/{rel}","templated":true}]}}