{"id":2,"date":"2015-07-06T07:51:07","date_gmt":"2015-07-06T07:51:07","guid":{"rendered":"http:\/\/www.longwell.es\/?page_id=2"},"modified":"2025-11-27T13:04:15","modified_gmt":"2025-11-27T13:04:15","slug":"silkcolors","status":"publish","type":"page","link":"https:\/\/longwellprofessional.com\/en\/silkcolors\/","title":{"rendered":"Longwell Hair Colors"},"content":{"rendered":"<p>[et_pb_section fb_built=\u00bb1&#8243; fullwidth=\u00bbon\u00bb module_class=\u00bbbanner-container\u00bb _builder_version=\u00bb4.16.0&#8243; _module_preset=\u00bbdefault\u00bb collapsed=\u00bboff\u00bb global_colors_info=\u00bb{}\u00bb][et_pb_fullwidth_image src=\u00bbhttps:\/\/longwellprofessional.com\/wp-content\/uploads\/2022\/06\/Bannrs-Longwell_Colors.-Silk-colors.jpg\u00bb module_class=\u00bbbanner-image\u00bb _builder_version=\u00bb4.17.3&#8243; hover_enabled=\u00bb0&#8243; global_colors_info=\u00bb{}\u00bb sticky_enabled=\u00bb0&#8243; alt=\u00bbLongwell Hair Colors\u00bb][\/et_pb_fullwidth_image][et_pb_fullwidth_image src=\u00bbhttps:\/\/longwellprofessional.com\/wp-content\/uploads\/2022\/03\/Imagenes-Longwell_Pagina-de-inicio_ensanchado-whiter.svg\u00bb title_text=\u00bbIm\u00e1genes Longwell_P\u00e1gina de inicio_ensanchado-whiter\u00bb disabled_on=\u00bbon|on|on\u00bb module_class=\u00bbbanner-wave\u00bb _builder_version=\u00bb4.16.0&#8243; _module_preset=\u00bbdefault\u00bb hover_enabled=\u00bb0&#8243; disabled=\u00bbon\u00bb global_colors_info=\u00bb{}\u00bb sticky_enabled=\u00bb0&#8243;][\/et_pb_fullwidth_image][\/et_pb_section][et_pb_section fb_built=\u00bb1&#8243; module_class=\u00bbtext-container\u00bb _builder_version=\u00bb4.16.0&#8243; _module_preset=\u00bbdefault\u00bb custom_margin=\u00bb6em|0px|6em|0px|true|true\u00bb custom_padding=\u00bb0px|0px|0px|0px|true|true\u00bb collapsed=\u00bboff\u00bb global_colors_info=\u00bb{}\u00bb][et_pb_row make_equal=\u00bbon\u00bb module_class=\u00bbtext-header-row\u00bb _builder_version=\u00bb4.17.1&#8243; _module_preset=\u00bbdefault\u00bb width=\u00bb60%\u00bb width_tablet=\u00bb75%\u00bb width_phone=\u00bb90%\u00bb width_last_edited=\u00bbon|desktop\u00bb max_width=\u00bb2560px\u00bb module_alignment=\u00bbcenter\u00bb custom_margin=\u00bb0px|0px|0px|0px|true|true\u00bb custom_padding=\u00bb0px|0px|0px|0px|true|true\u00bb global_colors_info=\u00bb{}\u00bb][et_pb_column type=\u00bb4_4&#8243; module_class=\u00bbtext-header-col\u00bb _builder_version=\u00bb4.16.0&#8243; _module_preset=\u00bbdefault\u00bb global_colors_info=\u00bb{}\u00bb][et_pb_text module_class=\u00bbtext-header-2&#8243; _builder_version=\u00bb4.17.1&#8243; _module_preset=\u00bbdefault\u00bb header_2_font=\u00bb|700|||||||\u00bb header_2_text_color=\u00bb#101010&#8243; header_2_font_size=\u00bb2.25em\u00bb background_color=\u00bb#D2D2D2&#8243; custom_margin=\u00bb2em|0px|2em|0px|true|true\u00bb custom_padding=\u00bb0.5em|3em|0.5em|3em|true|true\u00bb header_2_font_size_tablet=\u00bb2.25em\u00bb header_2_font_size_phone=\u00bb1.75em\u00bb header_2_font_size_last_edited=\u00bbon|phone\u00bb global_colors_info=\u00bb{}\u00bb]<\/p>\n<h2 style=\"text-align: center;\">HAIR COLORS<\/h2>\n<p>[\/et_pb_text][et_pb_text module_class=\u00bbtext-header-2&#8243; _builder_version=\u00bb4.17.1&#8243; _module_preset=\u00bbdefault\u00bb header_2_font=\u00bb|700|||||||\u00bb header_2_text_color=\u00bb#F1F1F1&#8243; header_2_font_size=\u00bb2.25em\u00bb background_color=\u00bb#101010&#8243; custom_margin=\u00bb2em|0px|2em|0px|true|true\u00bb custom_padding=\u00bb0.5em|3em|0.5em|3em|true|true\u00bb header_2_font_size_tablet=\u00bb2.25em\u00bb header_2_font_size_phone=\u00bb1.75em\u00bb header_2_font_size_last_edited=\u00bbon|phone\u00bb global_colors_info=\u00bb{}\u00bb]<\/p>\n<h2 style=\"text-align: center;\">LONGWELL<\/h2>\n<p>[\/et_pb_text][\/et_pb_column][\/et_pb_row][et_pb_row custom_padding_last_edited=\u00bboff|phone\u00bb module_class=\u00bbtext-body\u00bb _builder_version=\u00bb4.17.1&#8243; _module_preset=\u00bbdefault\u00bb width=\u00bb40%\u00bb width_tablet=\u00bb70%\u00bb width_phone=\u00bb90%\u00bb width_last_edited=\u00bbon|phone\u00bb max_width=\u00bb2560px\u00bb module_alignment=\u00bbcenter\u00bb custom_margin=\u00bb0px|0px|0px|0px|true|true\u00bb custom_padding=\u00bb0em|2em|0em|2em|true|true\u00bb custom_padding_phone=\u00bb|2em||2em|true|true\u00bb global_colors_info=\u00bb{}\u00bb][et_pb_column type=\u00bb4_4&#8243; _builder_version=\u00bb4.16.0&#8243; _module_preset=\u00bbdefault\u00bb global_colors_info=\u00bb{}\u00bb][et_pb_text _builder_version=\u00bb4.16.0&#8243; _module_preset=\u00bbdefault\u00bb custom_margin=\u00bb0px|0px|4em|0px|false|true\u00bb custom_padding=\u00bb0px|0px|0px|0px|true|true\u00bb global_colors_info=\u00bb{}\u00bb]<\/p>\n<p><strong>Longwell\u00ae Hair Colors<\/strong>\u00a0is a permanent coloration that combines active principles based on SILK PROTEINS.<\/p>\n<p>Silk provides the hair with:<\/p>\n<ul>\n<li>Hydration<\/li>\n<li>Increases elasticity with the formation of a transparent protective film<\/li>\n<li>Smoothing effect that reduces brittleness<\/li>\n<li>firming effect<\/li>\n<li>Facilitates combing<\/li>\n<li>Increases natural shine<\/li>\n<\/ul>\n<p>[\/et_pb_text][\/et_pb_column][\/et_pb_row][et_pb_row column_structure=\u00bb1_3,1_3,1_3&#8243; make_equal=\u00bbon\u00bb module_class=\u00bbimage-cta-header-row\u00bb _builder_version=\u00bb4.17.3&#8243; _module_preset=\u00bbdefault\u00bb max_width=\u00bb2560px\u00bb module_alignment=\u00bbcenter\u00bb custom_margin=\u00bb2em|0px|2em|0px|true|true\u00bb custom_padding=\u00bb0em|0px|0em|0px|true|true\u00bb global_colors_info=\u00bb{}\u00bb][et_pb_column type=\u00bb1_3&#8243; module_class=\u00bbimage-cta-header-col\u00bb _builder_version=\u00bb4.17.3&#8243; _module_preset=\u00bbdefault\u00bb custom_padding=\u00bb2em|2em|2em|2em|true|true\u00bb link_option_url=\u00bbhttps:\/\/longwellprofessional.com\/producto\/haircolors\/tintes\/coloracion-crema\/\u00bb global_colors_info=\u00bb{}\u00bb][et_pb_button button_url=\u00bbhttps:\/\/longwellprofessional.com\/producto\/haircolors\/tintes\/coloracion-crema\/\u00bb button_text=\u00bbCOLORACI\u00d3N EN CREMA\u00bb button_alignment=\u00bbcenter\u00bb module_class=\u00bbimage-cta-btn\u00bb _builder_version=\u00bb4.17.3&#8243; _module_preset=\u00bbdefault\u00bb custom_button=\u00bbon\u00bb button_text_size=\u00bb14px\u00bb button_text_color=\u00bb#F1F1F1&#8243; button_bg_color=\u00bb#101010&#8243; button_border_width=\u00bb0px\u00bb button_border_color=\u00bbRGBA(255,255,255,0)\u00bb button_border_radius=\u00bb100px\u00bb button_font=\u00bb|600|||||||\u00bb button_use_icon=\u00bboff\u00bb custom_margin=\u00bb0px|0px|3em|0px|false|true\u00bb custom_padding=\u00bb0.25em|1.4em|0.25em|1.4em|true|true\u00bb global_colors_info=\u00bb{}\u00bb][\/et_pb_button][et_pb_image src=\u00bbhttps:\/\/longwellprofessional.com\/wp-content\/uploads\/2021\/03\/CABECERA-CREMA-COLORACION-1.jpg\u00bb title_text=\u00bbLongwell Hair Colors &#8211; OXIGENADA EN CREMA\u00bb url=\u00bb\/producto\/coloracion-crema\/\u00bb align=\u00bbcenter\u00bb module_class=\u00bbimage-cta-img\u00bb _builder_version=\u00bb4.17.3&#8243; _module_preset=\u00bbdefault\u00bb max_width=\u00bb100%\u00bb max_width_tablet=\u00bb80%\u00bb max_width_phone=\u00bb80%\u00bb max_width_last_edited=\u00bbon|tablet\u00bb module_alignment=\u00bbcenter\u00bb hover_enabled=\u00bb0&#8243; global_colors_info=\u00bb{}\u00bb alt=\u00bbLongwell Hair Colors\u00bb sticky_enabled=\u00bb0&#8243;][\/et_pb_image][\/et_pb_column][et_pb_column type=\u00bb1_3&#8243; module_class=\u00bbimage-cta-header-col\u00bb _builder_version=\u00bb4.17.3&#8243; _module_preset=\u00bbdefault\u00bb custom_padding=\u00bb2em|2em|2em|2em|true|true\u00bb link_option_url=\u00bbhttps:\/\/longwellprofessional.com\/silkcolors\/oxigenada-en-crema\/\u00bb global_colors_info=\u00bb{}\u00bb][et_pb_button button_url=\u00bb\/silkcolors\/oxigenada-en-crema\/\u00bb button_text=\u00bbOXIGENADA EN CREMA\u00bb button_alignment=\u00bbcenter\u00bb module_class=\u00bbimage-cta-btn\u00bb _builder_version=\u00bb4.17.3&#8243; _module_preset=\u00bbdefault\u00bb custom_button=\u00bbon\u00bb button_text_size=\u00bb14px\u00bb button_text_color=\u00bb#F1F1F1&#8243; button_bg_color=\u00bb#101010&#8243; button_border_width=\u00bb0px\u00bb button_border_color=\u00bbRGBA(255,255,255,0)\u00bb button_border_radius=\u00bb100px\u00bb button_font=\u00bb|600|||||||\u00bb button_use_icon=\u00bboff\u00bb custom_margin=\u00bb0px|0px|3em|0px|false|true\u00bb custom_padding=\u00bb0.25em|1.4em|0.25em|1.4em|true|true\u00bb global_colors_info=\u00bb{}\u00bb][\/et_pb_button][et_pb_image src=\u00bbhttps:\/\/longwellprofessional.com\/wp-content\/uploads\/2021\/03\/LW0030.png\u00bb title_text=\u00bbLongwell Hair Colors &#8211; OXIGENADA EN CREMA\u00bb url=\u00bb\/silkcolors\/oxigenada-en-crema\/\u00bb align=\u00bbcenter\u00bb module_class=\u00bbimage-cta-img\u00bb _builder_version=\u00bb4.17.3&#8243; _module_preset=\u00bbdefault\u00bb max_width=\u00bb45%\u00bb max_width_tablet=\u00bb45%\u00bb max_width_phone=\u00bb40%\u00bb max_width_last_edited=\u00bbon|tablet\u00bb module_alignment=\u00bbcenter\u00bb hover_enabled=\u00bb0&#8243; global_colors_info=\u00bb{}\u00bb alt=\u00bbLongwell Hair Colors\u00bb sticky_enabled=\u00bb0&#8243;][\/et_pb_image][\/et_pb_column][et_pb_column type=\u00bb1_3&#8243; module_class=\u00bbimage-cta-header-col\u00bb _builder_version=\u00bb4.17.3&#8243; _module_preset=\u00bbdefault\u00bb custom_padding=\u00bb2em|2em|2em|2em|true|true\u00bb link_option_url=\u00bbhttps:\/\/longwellprofessional.com\/silkcolors\/polvo-decolorante\/\u00bb global_colors_info=\u00bb{}\u00bb][et_pb_button button_url=\u00bb\/silkcolors\/polvo-decolorante\/\u00bb button_text=\u00bbPOLVO DECOLORANTE\u00bb button_alignment=\u00bbcenter\u00bb module_class=\u00bbimage-cta-btn\u00bb _builder_version=\u00bb4.17.3&#8243; _module_preset=\u00bbdefault\u00bb custom_button=\u00bbon\u00bb button_text_size=\u00bb14px\u00bb button_text_color=\u00bb#F1F1F1&#8243; button_bg_color=\u00bb#101010&#8243; button_border_width=\u00bb0px\u00bb button_border_color=\u00bbRGBA(255,255,255,0)\u00bb button_border_radius=\u00bb100px\u00bb button_font=\u00bb|600|||||||\u00bb button_use_icon=\u00bboff\u00bb custom_margin=\u00bb0px|0px|3em|0px|false|true\u00bb custom_padding=\u00bb0.25em|1.4em|0.25em|1.4em|true|true\u00bb global_colors_info=\u00bb{}\u00bb][\/et_pb_button][et_pb_image src=\u00bbhttps:\/\/longwellprofessional.com\/wp-content\/uploads\/2015\/07\/POLVO-DECOLORANTE-2-300&#215;300.jpg\u00bb title_text=\u00bbLongwell Hair Colors &#8211; POLVO DECOLORANTE\u00bb url=\u00bb\/silkcolors\/polvo-decolorante\/\u00bb align=\u00bbcenter\u00bb module_class=\u00bbimage-cta-img\u00bb _builder_version=\u00bb4.17.3&#8243; _module_preset=\u00bbdefault\u00bb max_width=\u00bb45%\u00bb module_alignment=\u00bbcenter\u00bb hover_enabled=\u00bb0&#8243; global_colors_info=\u00bb{}\u00bb alt=\u00bbLongwell Hair Colors\u00bb sticky_enabled=\u00bb0&#8243;][\/et_pb_image][\/et_pb_column][\/et_pb_row][\/et_pb_section]<\/p>","protected":false},"excerpt":{"rendered":"<p>HAIR COLORSLONGWELLLongwell\u00ae Hair Colors\u00a0es una coloraci\u00f3n permanente que combina principios activos basados en PROTE\u00cdNAS DE SEDA. La seda proporciona al cabello: Hidrataci\u00f3n Aumenta la elasticidad con la formaci\u00f3n de una pel\u00edcula protectora transparente Efecto suavizante que disminuye la fragilidad Efecto reafirmante Facilita el peinado Aumenta el brillo natural<\/p>","protected":false},"author":9192195,"featured_media":0,"parent":0,"menu_order":0,"comment_status":"open","ping_status":"open","template":"","meta":{"_et_pb_use_builder":"on","_et_pb_old_content":"","_et_gb_content_width":"","inline_featured_image":false,"footnotes":""},"class_list":["post-2","page","type-page","status-publish","hentry"],"_links":{"self":[{"href":"https:\/\/longwellprofessional.com\/en\/wp-json\/wp\/v2\/pages\/2","targetHints":{"allow":["GET"]}}],"collection":[{"href":"https:\/\/longwellprofessional.com\/en\/wp-json\/wp\/v2\/pages"}],"about":[{"href":"https:\/\/longwellprofessional.com\/en\/wp-json\/wp\/v2\/types\/page"}],"author":[{"embeddable":true,"href":"https:\/\/longwellprofessional.com\/en\/wp-json\/wp\/v2\/users\/9192195"}],"replies":[{"embeddable":true,"href":"https:\/\/longwellprofessional.com\/en\/wp-json\/wp\/v2\/comments?post=2"}],"version-history":[{"count":54,"href":"https:\/\/longwellprofessional.com\/en\/wp-json\/wp\/v2\/pages\/2\/revisions"}],"predecessor-version":[{"id":8093,"href":"https:\/\/longwellprofessional.com\/en\/wp-json\/wp\/v2\/pages\/2\/revisions\/8093"}],"wp:attachment":[{"href":"https:\/\/longwellprofessional.com\/en\/wp-json\/wp\/v2\/media?parent=2"}],"curies":[{"name":"wp","href":"https:\/\/api.w.org\/{rel}","templated":true}]}}